{"id":17,"date":"2022-10-11T19:20:00","date_gmt":"2022-10-11T17:20:00","guid":{"rendered":"https:\/\/www.eetualanko.fi\/?page_id=17"},"modified":"2025-05-08T13:19:42","modified_gmt":"2025-05-08T11:19:42","slug":"etusivu","status":"publish","type":"page","link":"https:\/\/www.eetualanko.fi\/","title":{"rendered":"Etusivu"},"content":{"rendered":"\t\t<div data-elementor-type=\"wp-page\" data-elementor-id=\"17\" class=\"elementor elementor-17\">\n\t\t\t\t\t\t<section class=\"elementor-section elementor-top-section elementor-element elementor-element-558de451 elementor-section-boxed elementor-section-height-default elementor-section-height-default\" data-id=\"558de451\" data-element_type=\"section\" data-settings=\"{&quot;background_background&quot;:&quot;classic&quot;}\">\n\t\t\t\t\t\t\t<div class=\"elementor-background-overlay\"><\/div>\n\t\t\t\t\t\t\t<div class=\"elementor-container elementor-column-gap-default\">\n\t\t\t\t\t<div class=\"elementor-column elementor-col-100 elementor-top-column elementor-element elementor-element-5d596fd3\" data-id=\"5d596fd3\" data-element_type=\"column\">\n\t\t\t<div class=\"elementor-widget-wrap elementor-element-populated\">\n\t\t\t\t\t\t<div class=\"elementor-element elementor-element-1e4568f9 elementor-widget elementor-widget-heading\" data-id=\"1e4568f9\" data-element_type=\"widget\" data-widget_type=\"heading.default\">\n\t\t\t\t<div class=\"elementor-widget-container\">\n\t\t\t<style>\/*! elementor - v3.23.0 - 05-08-2024 *\/\n.elementor-heading-title{padding:0;margin:0;line-height:1}.elementor-widget-heading .elementor-heading-title[class*=elementor-size-]>a{color:inherit;font-size:inherit;line-height:inherit}.elementor-widget-heading .elementor-heading-title.elementor-size-small{font-size:15px}.elementor-widget-heading .elementor-heading-title.elementor-size-medium{font-size:19px}.elementor-widget-heading .elementor-heading-title.elementor-size-large{font-size:29px}.elementor-widget-heading .elementor-heading-title.elementor-size-xl{font-size:39px}.elementor-widget-heading .elementor-heading-title.elementor-size-xxl{font-size:59px}<\/style><h2 class=\"elementor-heading-title elementor-size-default\">Pid\u00e4 huolta kehostasi!<\/h2>\t\t<\/div>\n\t\t\t\t<\/div>\n\t\t\t\t<div class=\"elementor-element elementor-element-8c4a84 elementor-widget elementor-widget-text-editor\" data-id=\"8c4a84\" data-element_type=\"widget\" data-widget_type=\"text-editor.default\">\n\t\t\t\t<div class=\"elementor-widget-container\">\n\t\t\t<style>\/*! elementor - v3.23.0 - 05-08-2024 *\/\n.elementor-widget-text-editor.elementor-drop-cap-view-stacked .elementor-drop-cap{background-color:#69727d;color:#fff}.elementor-widget-text-editor.elementor-drop-cap-view-framed .elementor-drop-cap{color:#69727d;border:3px solid;background-color:transparent}.elementor-widget-text-editor:not(.elementor-drop-cap-view-default) .elementor-drop-cap{margin-top:8px}.elementor-widget-text-editor:not(.elementor-drop-cap-view-default) .elementor-drop-cap-letter{width:1em;height:1em}.elementor-widget-text-editor .elementor-drop-cap{float:left;text-align:center;line-height:1;font-size:50px}.elementor-widget-text-editor .elementor-drop-cap-letter{display:inline-block}<\/style>\t\t\t\t<p>Koetko kipua hartioissa, niskassa tai alasel\u00e4ss\u00e4? Kolottaako ja jumittaa? P\u00e4\u00e4ns\u00e4rky\u00e4? Iskias? Onko liikkuminen hankalaa? Oletko ep\u00e4varma ja ep\u00e4ilet ett\u00e4 liikkumisesi pahentaa oireita? K\u00e4rsitk\u00f6 kenties tuki-ja liikuntaelinsairaudesta?\u00a0Koetko hermostosi olevan jumissa ja kehon olevan j\u00e4nnittynyt? Vihlooko olkap\u00e4\u00e4t\u00e4 ja k\u00e4det puutuvat?<\/p><p>Jos jokin n\u00e4ist\u00e4 asioista kuulostaa liiankin tutulta tervetuloa vastaanotolleni!\u00a0<\/p><p><span style=\"text-decoration: underline;\">Palveluni tarjoaa;<\/span><\/p><p><strong>Yksil\u00f6llist\u00e4 kohtaamista sinun tarpeidesi mukaan<\/strong><\/p><p>Ongelmien juurisyiden etsimist\u00e4<\/p><p><strong> Kuuntelua, tukea, ymm\u00e4rryst\u00e4 ja halua auttaa<\/strong><\/p><p>Osteopaattista hoitoa, tutkimista ja manuaalista terapiaa<\/p><p><strong>Harjotteita, ohjeistusta ja vinkkej\u00e4 liikuntaan sek\u00e4 treenaamiseen<\/strong><\/p><p><span style=\"text-decoration: underline;\">Varaa oma aikasi ja katsotaan mit\u00e4 kehosi tarvitsee!<\/span><\/p>\t\t\t\t\t\t<\/div>\n\t\t\t\t<\/div>\n\t\t\t\t<div class=\"elementor-element elementor-element-788251b elementor-widget elementor-widget-heading\" data-id=\"788251b\" data-element_type=\"widget\" data-widget_type=\"heading.default\">\n\t\t\t\t<div class=\"elementor-widget-container\">\n\t\t\t<h2 class=\"elementor-heading-title elementor-size-default\">Tervetuloa!<\/h2>\t\t<\/div>\n\t\t\t\t<\/div>\n\t\t\t\t<div class=\"elementor-element elementor-element-78f2fcbf elementor-align-center elementor-widget elementor-widget-button\" data-id=\"78f2fcbf\" data-element_type=\"widget\" data-widget_type=\"button.default\">\n\t\t\t\t<div class=\"elementor-widget-container\">\n\t\t\t\t\t<div class=\"elementor-button-wrapper\">\n\t\t\t<a class=\"elementor-button elementor-button-link elementor-size-sm\" href=\"https:\/\/www.eetualanko.fi\/index.php\/varaa-aika\/\">\n\t\t\t\t\t\t<span class=\"elementor-button-content-wrapper\">\n\t\t\t\t\t\t\t\t\t<span class=\"elementor-button-text\">Varaa aika<\/span>\n\t\t\t\t\t<\/span>\n\t\t\t\t\t<\/a>\n\t\t<\/div>\n\t\t\t\t<\/div>\n\t\t\t\t<\/div>\n\t\t\t\t\t<\/div>\n\t\t<\/div>\n\t\t\t\t\t<\/div>\n\t\t<\/section>\n\t\t\t\t<section class=\"elementor-section elementor-top-section elementor-element elementor-element-42886daa elementor-section-boxed elementor-section-height-default elementor-section-height-default\" data-id=\"42886daa\" data-element_type=\"section\">\n\t\t\t\t\t\t<div class=\"elementor-container elementor-column-gap-default\">\n\t\t\t\t\t<div class=\"elementor-column elementor-col-100 elementor-top-column elementor-element elementor-element-694b7e1\" data-id=\"694b7e1\" data-element_type=\"column\">\n\t\t\t<div class=\"elementor-widget-wrap elementor-element-populated\">\n\t\t\t\t\t\t<section class=\"elementor-section elementor-inner-section elementor-element elementor-element-3e3b3ebe elementor-section-boxed elementor-section-height-default elementor-section-height-default\" data-id=\"3e3b3ebe\" data-element_type=\"section\">\n\t\t\t\t\t\t<div class=\"elementor-container elementor-column-gap-default\">\n\t\t\t\t\t<div class=\"elementor-column elementor-col-50 elementor-inner-column elementor-element elementor-element-73199d96\" data-id=\"73199d96\" data-element_type=\"column\">\n\t\t\t<div class=\"elementor-widget-wrap elementor-element-populated\">\n\t\t\t\t\t\t<div class=\"elementor-element elementor-element-3df025d6 elementor-widget elementor-widget-image\" data-id=\"3df025d6\" data-element_type=\"widget\" data-widget_type=\"image.default\">\n\t\t\t\t<div class=\"elementor-widget-container\">\n\t\t\t<style>\/*! elementor - v3.23.0 - 05-08-2024 *\/\n.elementor-widget-image{text-align:center}.elementor-widget-image a{display:inline-block}.elementor-widget-image a img[src$=\".svg\"]{width:48px}.elementor-widget-image img{vertical-align:middle;display:inline-block}<\/style>\t\t\t\t\t\t\t\t\t\t<img fetchpriority=\"high\" decoding=\"async\" width=\"1024\" height=\"683\" src=\"https:\/\/www.eetualanko.fi\/wp-content\/uploads\/2022\/10\/Kopio-tiedostosta-IMG_9766-3-1024x683.jpg\" class=\"attachment-large size-large wp-image-117\" alt=\"\" srcset=\"https:\/\/www.eetualanko.fi\/wp-content\/uploads\/2022\/10\/Kopio-tiedostosta-IMG_9766-3-1024x683.jpg 1024w, https:\/\/www.eetualanko.fi\/wp-content\/uploads\/2022\/10\/Kopio-tiedostosta-IMG_9766-3-300x200.jpg 300w, https:\/\/www.eetualanko.fi\/wp-content\/uploads\/2022\/10\/Kopio-tiedostosta-IMG_9766-3-768x512.jpg 768w, https:\/\/www.eetualanko.fi\/wp-content\/uploads\/2022\/10\/Kopio-tiedostosta-IMG_9766-3-1536x1024.jpg 1536w, https:\/\/www.eetualanko.fi\/wp-content\/uploads\/2022\/10\/Kopio-tiedostosta-IMG_9766-3-2048x1365.jpg 2048w\" sizes=\"(max-width: 1024px) 100vw, 1024px\" \/>\t\t\t\t\t\t\t\t\t\t\t\t\t<\/div>\n\t\t\t\t<\/div>\n\t\t\t\t\t<\/div>\n\t\t<\/div>\n\t\t\t\t<div class=\"elementor-column elementor-col-50 elementor-inner-column elementor-element elementor-element-7c745bb1\" data-id=\"7c745bb1\" data-element_type=\"column\">\n\t\t\t<div class=\"elementor-widget-wrap elementor-element-populated\">\n\t\t\t\t\t\t<div class=\"elementor-element elementor-element-e204072 elementor-widget elementor-widget-heading\" data-id=\"e204072\" data-element_type=\"widget\" data-widget_type=\"heading.default\">\n\t\t\t\t<div class=\"elementor-widget-container\">\n\t\t\t<h2 class=\"elementor-heading-title elementor-size-default\">Hinnasto<\/h2>\t\t<\/div>\n\t\t\t\t<\/div>\n\t\t\t\t<div class=\"elementor-element elementor-element-76ed1fca elementor-widget elementor-widget-text-editor\" data-id=\"76ed1fca\" data-element_type=\"widget\" data-widget_type=\"text-editor.default\">\n\t\t\t\t<div class=\"elementor-widget-container\">\n\t\t\t\t\t\t\t<p>Tutustu hinnastoon.<\/p>\t\t\t\t\t\t<\/div>\n\t\t\t\t<\/div>\n\t\t\t\t<div class=\"elementor-element elementor-element-7cf47416 elementor-widget elementor-widget-button\" data-id=\"7cf47416\" data-element_type=\"widget\" data-widget_type=\"button.default\">\n\t\t\t\t<div class=\"elementor-widget-container\">\n\t\t\t\t\t<div class=\"elementor-button-wrapper\">\n\t\t\t<a class=\"elementor-button elementor-button-link elementor-size-sm\" href=\"https:\/\/www.eetualanko.fi\/index.php\/hinnasto\/\">\n\t\t\t\t\t\t<span class=\"elementor-button-content-wrapper\">\n\t\t\t\t\t\t\t\t\t<span class=\"elementor-button-text\">Lue lis\u00e4\u00e4<\/span>\n\t\t\t\t\t<\/span>\n\t\t\t\t\t<\/a>\n\t\t<\/div>\n\t\t\t\t<\/div>\n\t\t\t\t<\/div>\n\t\t\t\t\t<\/div>\n\t\t<\/div>\n\t\t\t\t\t<\/div>\n\t\t<\/section>\n\t\t\t\t<section class=\"elementor-section elementor-inner-section elementor-element elementor-element-1de35df7 elementor-reverse-mobile elementor-section-boxed elementor-section-height-default elementor-section-height-default\" data-id=\"1de35df7\" data-element_type=\"section\">\n\t\t\t\t\t\t<div class=\"elementor-container elementor-column-gap-default\">\n\t\t\t\t\t<div class=\"elementor-column elementor-col-50 elementor-inner-column elementor-element elementor-element-731ccfcb\" data-id=\"731ccfcb\" data-element_type=\"column\">\n\t\t\t<div class=\"elementor-widget-wrap elementor-element-populated\">\n\t\t\t\t\t\t<div class=\"elementor-element elementor-element-7e790a4f elementor-widget elementor-widget-heading\" data-id=\"7e790a4f\" data-element_type=\"widget\" data-widget_type=\"heading.default\">\n\t\t\t\t<div class=\"elementor-widget-container\">\n\t\t\t<h2 class=\"elementor-heading-title elementor-size-default\">Tietoa osteopatiasta<\/h2>\t\t<\/div>\n\t\t\t\t<\/div>\n\t\t\t\t<div class=\"elementor-element elementor-element-7f653a14 elementor-widget elementor-widget-text-editor\" data-id=\"7f653a14\" data-element_type=\"widget\" data-widget_type=\"text-editor.default\">\n\t\t\t\t<div class=\"elementor-widget-container\">\n\t\t\t\t\t\t\t<p>Osteopatia on k\u00e4sin suoritettava hoitomuoto, joka perustuu mm. anatomiaan, fysiologiaan ja neurologiaan.<\/p>\t\t\t\t\t\t<\/div>\n\t\t\t\t<\/div>\n\t\t\t\t<div class=\"elementor-element elementor-element-d2fdf89 elementor-widget elementor-widget-button\" data-id=\"d2fdf89\" data-element_type=\"widget\" data-widget_type=\"button.default\">\n\t\t\t\t<div class=\"elementor-widget-container\">\n\t\t\t\t\t<div class=\"elementor-button-wrapper\">\n\t\t\t<a class=\"elementor-button elementor-button-link elementor-size-sm\" href=\"https:\/\/www.eetualanko.fi\/index.php\/tietoa-osteopatiasta\/\">\n\t\t\t\t\t\t<span class=\"elementor-button-content-wrapper\">\n\t\t\t\t\t\t\t\t\t<span class=\"elementor-button-text\">Lue lis\u00e4\u00e4<\/span>\n\t\t\t\t\t<\/span>\n\t\t\t\t\t<\/a>\n\t\t<\/div>\n\t\t\t\t<\/div>\n\t\t\t\t<\/div>\n\t\t\t\t\t<\/div>\n\t\t<\/div>\n\t\t\t\t<div class=\"elementor-column elementor-col-50 elementor-inner-column elementor-element elementor-element-39184e1\" data-id=\"39184e1\" data-element_type=\"column\">\n\t\t\t<div class=\"elementor-widget-wrap elementor-element-populated\">\n\t\t\t\t\t\t<div class=\"elementor-element elementor-element-46e6376b elementor-widget elementor-widget-image\" data-id=\"46e6376b\" data-element_type=\"widget\" data-widget_type=\"image.default\">\n\t\t\t\t<div class=\"elementor-widget-container\">\n\t\t\t\t\t\t\t\t\t\t\t\t\t<img decoding=\"async\" src=\"https:\/\/www.eetualanko.fi\/wp-content\/uploads\/elementor\/thumbs\/IMG_9705-scaled-pw9nbj9ofamvulppzjrcbfm6p1eye5xd2d4grdxin4.jpg\" title=\"\" alt=\"\" loading=\"lazy\" \/>\t\t\t\t\t\t\t\t\t\t\t\t\t<\/div>\n\t\t\t\t<\/div>\n\t\t\t\t\t<\/div>\n\t\t<\/div>\n\t\t\t\t\t<\/div>\n\t\t<\/section>\n\t\t\t\t<section class=\"elementor-section elementor-inner-section elementor-element elementor-element-504fab6 elementor-section-boxed elementor-section-height-default elementor-section-height-default\" data-id=\"504fab6\" data-element_type=\"section\">\n\t\t\t\t\t\t<div class=\"elementor-container elementor-column-gap-default\">\n\t\t\t\t\t<div class=\"elementor-column elementor-col-50 elementor-inner-column elementor-element elementor-element-66821c1\" data-id=\"66821c1\" data-element_type=\"column\">\n\t\t\t<div class=\"elementor-widget-wrap elementor-element-populated\">\n\t\t\t\t\t\t<div class=\"elementor-element elementor-element-4243a1e elementor-widget elementor-widget-image\" data-id=\"4243a1e\" data-element_type=\"widget\" data-widget_type=\"image.default\">\n\t\t\t\t<div class=\"elementor-widget-container\">\n\t\t\t\t\t\t\t\t\t\t\t\t\t<img decoding=\"async\" width=\"1024\" height=\"683\" src=\"https:\/\/www.eetualanko.fi\/wp-content\/uploads\/2022\/10\/IMG_9952-2-1024x683.jpg\" class=\"attachment-large size-large wp-image-112\" alt=\"\" srcset=\"https:\/\/www.eetualanko.fi\/wp-content\/uploads\/2022\/10\/IMG_9952-2-1024x683.jpg 1024w, https:\/\/www.eetualanko.fi\/wp-content\/uploads\/2022\/10\/IMG_9952-2-300x200.jpg 300w, https:\/\/www.eetualanko.fi\/wp-content\/uploads\/2022\/10\/IMG_9952-2-768x512.jpg 768w, https:\/\/www.eetualanko.fi\/wp-content\/uploads\/2022\/10\/IMG_9952-2-1536x1024.jpg 1536w, https:\/\/www.eetualanko.fi\/wp-content\/uploads\/2022\/10\/IMG_9952-2-2048x1365.jpg 2048w\" sizes=\"(max-width: 1024px) 100vw, 1024px\" \/>\t\t\t\t\t\t\t\t\t\t\t\t\t<\/div>\n\t\t\t\t<\/div>\n\t\t\t\t\t<\/div>\n\t\t<\/div>\n\t\t\t\t<div class=\"elementor-column elementor-col-50 elementor-inner-column elementor-element elementor-element-c545f9f\" data-id=\"c545f9f\" data-element_type=\"column\">\n\t\t\t<div class=\"elementor-widget-wrap elementor-element-populated\">\n\t\t\t\t\t\t<div class=\"elementor-element elementor-element-57e6a38 elementor-widget elementor-widget-heading\" data-id=\"57e6a38\" data-element_type=\"widget\" data-widget_type=\"heading.default\">\n\t\t\t\t<div class=\"elementor-widget-container\">\n\t\t\t<h2 class=\"elementor-heading-title elementor-size-default\">Galleria<\/h2>\t\t<\/div>\n\t\t\t\t<\/div>\n\t\t\t\t<div class=\"elementor-element elementor-element-bf218c5 elementor-widget elementor-widget-text-editor\" data-id=\"bf218c5\" data-element_type=\"widget\" data-widget_type=\"text-editor.default\">\n\t\t\t\t<div class=\"elementor-widget-container\">\n\t\t\t\t\t\t\t<p>Tutustu palveluihin kuvien avulla.<\/p>\t\t\t\t\t\t<\/div>\n\t\t\t\t<\/div>\n\t\t\t\t<div class=\"elementor-element elementor-element-d7edea7 elementor-widget elementor-widget-button\" data-id=\"d7edea7\" data-element_type=\"widget\" data-widget_type=\"button.default\">\n\t\t\t\t<div class=\"elementor-widget-container\">\n\t\t\t\t\t<div class=\"elementor-button-wrapper\">\n\t\t\t<a class=\"elementor-button elementor-button-link elementor-size-sm\" href=\"https:\/\/www.eetualanko.fi\/index.php\/galleria\/\">\n\t\t\t\t\t\t<span class=\"elementor-button-content-wrapper\">\n\t\t\t\t\t\t\t\t\t<span class=\"elementor-button-text\">Lue lis\u00e4\u00e4<\/span>\n\t\t\t\t\t<\/span>\n\t\t\t\t\t<\/a>\n\t\t<\/div>\n\t\t\t\t<\/div>\n\t\t\t\t<\/div>\n\t\t\t\t\t<\/div>\n\t\t<\/div>\n\t\t\t\t\t<\/div>\n\t\t<\/section>\n\t\t\t\t<section class=\"elementor-section elementor-inner-section elementor-element elementor-element-c0764b0 elementor-reverse-mobile elementor-section-boxed elementor-section-height-default elementor-section-height-default\" data-id=\"c0764b0\" data-element_type=\"section\">\n\t\t\t\t\t\t<div class=\"elementor-container elementor-column-gap-default\">\n\t\t\t\t\t<div class=\"elementor-column elementor-col-50 elementor-inner-column elementor-element elementor-element-60d22a3\" data-id=\"60d22a3\" data-element_type=\"column\">\n\t\t\t<div class=\"elementor-widget-wrap elementor-element-populated\">\n\t\t\t\t\t\t<div class=\"elementor-element elementor-element-9208366 elementor-widget elementor-widget-heading\" data-id=\"9208366\" data-element_type=\"widget\" data-widget_type=\"heading.default\">\n\t\t\t\t<div class=\"elementor-widget-container\">\n\t\t\t<h2 class=\"elementor-heading-title elementor-size-default\">Yhteystiedot<\/h2>\t\t<\/div>\n\t\t\t\t<\/div>\n\t\t\t\t<div class=\"elementor-element elementor-element-25a4b9a elementor-widget elementor-widget-text-editor\" data-id=\"25a4b9a\" data-element_type=\"widget\" data-widget_type=\"text-editor.default\">\n\t\t\t\t<div class=\"elementor-widget-container\">\n\t\t\t\t\t\t\t<p>Voit ottaa yhteytt\u00e4 puhelimella tai yhteydenottolomakkeella tai varata ajan suoraan nettiajanvarauksesta.<\/p>\t\t\t\t\t\t<\/div>\n\t\t\t\t<\/div>\n\t\t\t\t<div class=\"elementor-element elementor-element-62731da elementor-widget elementor-widget-button\" data-id=\"62731da\" data-element_type=\"widget\" data-widget_type=\"button.default\">\n\t\t\t\t<div class=\"elementor-widget-container\">\n\t\t\t\t\t<div class=\"elementor-button-wrapper\">\n\t\t\t<a class=\"elementor-button elementor-button-link elementor-size-sm\" href=\"https:\/\/www.eetualanko.fi\/index.php\/yhteystiedot\/\">\n\t\t\t\t\t\t<span class=\"elementor-button-content-wrapper\">\n\t\t\t\t\t\t\t\t\t<span class=\"elementor-button-text\">Yhteystiedot<\/span>\n\t\t\t\t\t<\/span>\n\t\t\t\t\t<\/a>\n\t\t<\/div>\n\t\t\t\t<\/div>\n\t\t\t\t<\/div>\n\t\t\t\t<div class=\"elementor-element elementor-element-27834cc elementor-widget elementor-widget-button\" data-id=\"27834cc\" data-element_type=\"widget\" data-widget_type=\"button.default\">\n\t\t\t\t<div class=\"elementor-widget-container\">\n\t\t\t\t\t<div class=\"elementor-button-wrapper\">\n\t\t\t<a class=\"elementor-button elementor-button-link elementor-size-sm\" href=\"https:\/\/www.eetualanko.fi\/index.php\/varaa-aika\/\">\n\t\t\t\t\t\t<span class=\"elementor-button-content-wrapper\">\n\t\t\t\t\t\t\t\t\t<span class=\"elementor-button-text\">Varaa aika<\/span>\n\t\t\t\t\t<\/span>\n\t\t\t\t\t<\/a>\n\t\t<\/div>\n\t\t\t\t<\/div>\n\t\t\t\t<\/div>\n\t\t\t\t\t<\/div>\n\t\t<\/div>\n\t\t\t\t<div class=\"elementor-column elementor-col-50 elementor-inner-column elementor-element elementor-element-59a8fe3\" data-id=\"59a8fe3\" data-element_type=\"column\">\n\t\t\t<div class=\"elementor-widget-wrap elementor-element-populated\">\n\t\t\t\t\t\t<div class=\"elementor-element elementor-element-5c962a4 elementor-widget elementor-widget-image\" data-id=\"5c962a4\" data-element_type=\"widget\" data-widget_type=\"image.default\">\n\t\t\t\t<div class=\"elementor-widget-container\">\n\t\t\t\t\t\t\t\t\t\t\t\t\t<img decoding=\"async\" width=\"1024\" height=\"683\" src=\"https:\/\/www.eetualanko.fi\/wp-content\/uploads\/2022\/10\/IMG_9620-1024x683.jpg\" class=\"attachment-large size-large wp-image-105\" alt=\"\" srcset=\"https:\/\/www.eetualanko.fi\/wp-content\/uploads\/2022\/10\/IMG_9620-1024x683.jpg 1024w, https:\/\/www.eetualanko.fi\/wp-content\/uploads\/2022\/10\/IMG_9620-300x200.jpg 300w, https:\/\/www.eetualanko.fi\/wp-content\/uploads\/2022\/10\/IMG_9620-768x512.jpg 768w, https:\/\/www.eetualanko.fi\/wp-content\/uploads\/2022\/10\/IMG_9620-1536x1024.jpg 1536w, https:\/\/www.eetualanko.fi\/wp-content\/uploads\/2022\/10\/IMG_9620-2048x1365.jpg 2048w\" sizes=\"(max-width: 1024px) 100vw, 1024px\" \/>\t\t\t\t\t\t\t\t\t\t\t\t\t<\/div>\n\t\t\t\t<\/div>\n\t\t\t\t\t<\/div>\n\t\t<\/div>\n\t\t\t\t\t<\/div>\n\t\t<\/section>\n\t\t\t\t\t<\/div>\n\t\t<\/div>\n\t\t\t\t\t<\/div>\n\t\t<\/section>\n\t\t\t\t<\/div>\n\t\t","protected":false},"excerpt":{"rendered":"<p>Pid\u00e4 huolta kehostasi! Koetko kipua hartioissa, niskassa tai alasel\u00e4ss\u00e4? Kolottaako ja jumittaa? P\u00e4\u00e4ns\u00e4rky\u00e4? Iskias? Onko liikkuminen hankalaa? Oletko ep\u00e4varma ja ep\u00e4ilet ett\u00e4 liikkumisesi pahentaa oireita? K\u00e4rsitk\u00f6 kenties tuki-ja liikuntaelinsairaudesta?\u00a0Koetko hermostosi olevan jumissa ja kehon olevan j\u00e4nnittynyt? Vihlooko olkap\u00e4\u00e4t\u00e4 ja k\u00e4det puutuvat? Jos jokin n\u00e4ist\u00e4 asioista kuulostaa liiankin tutulta tervetuloa vastaanotolleni!\u00a0 Palveluni tarjoaa; Yksil\u00f6llist\u00e4 kohtaamista sinun [&hellip;]<\/p>\n","protected":false},"author":1,"featured_media":0,"parent":0,"menu_order":0,"comment_status":"closed","ping_status":"closed","template":"elementor_header_footer","meta":[],"_links":{"self":[{"href":"https:\/\/www.eetualanko.fi\/index.php\/wp-json\/wp\/v2\/pages\/17"}],"collection":[{"href":"https:\/\/www.eetualanko.fi\/index.php\/wp-json\/wp\/v2\/pages"}],"about":[{"href":"https:\/\/www.eetualanko.fi\/index.php\/wp-json\/wp\/v2\/types\/page"}],"author":[{"embeddable":true,"href":"https:\/\/www.eetualanko.fi\/index.php\/wp-json\/wp\/v2\/users\/1"}],"replies":[{"embeddable":true,"href":"https:\/\/www.eetualanko.fi\/index.php\/wp-json\/wp\/v2\/comments?post=17"}],"version-history":[{"count":78,"href":"https:\/\/www.eetualanko.fi\/index.php\/wp-json\/wp\/v2\/pages\/17\/revisions"}],"predecessor-version":[{"id":370,"href":"https:\/\/www.eetualanko.fi\/index.php\/wp-json\/wp\/v2\/pages\/17\/revisions\/370"}],"wp:attachment":[{"href":"https:\/\/www.eetualanko.fi\/index.php\/wp-json\/wp\/v2\/media?parent=17"}],"curies":[{"name":"wp","href":"https:\/\/api.w.org\/{rel}","templated":true}]}}